{"id":2717,"date":"2022-03-17T10:24:24","date_gmt":"2022-03-17T09:24:24","guid":{"rendered":"https:\/\/www.studionicolini.sm\/privacy-policy\/"},"modified":"2022-03-17T10:24:25","modified_gmt":"2022-03-17T09:24:25","slug":"privacy-policy","status":"publish","type":"page","link":"https:\/\/www.studionicolini.sm\/en\/privacy-policy\/","title":{"rendered":"Privacy Policy"},"content":{"rendered":"\t\t<div data-elementor-type=\"wp-page\" data-elementor-id=\"2717\" class=\"elementor elementor-2717 elementor-468\" data-elementor-post-type=\"page\">\n\t\t\t\t\t\t\t\t\t<section class=\"elementor-section elementor-top-section elementor-element elementor-element-7edceba elementor-section-full_width elementor-reverse-tablet elementor-reverse-mobile elementor-section-height-min-height elementor-section-height-default elementor-section-items-middle\" data-id=\"7edceba\" data-element_type=\"section\" data-settings=\"{&quot;background_background&quot;:&quot;classic&quot;}\">\n\t\t\t\t\t\t<div class=\"elementor-container elementor-column-gap-default\">\n\t\t\t\t\t<div class=\"elementor-column elementor-col-100 elementor-top-column elementor-element elementor-element-856fc26\" data-id=\"856fc26\" data-element_type=\"column\">\n\t\t\t<div class=\"elementor-widget-wrap elementor-element-populated\">\n\t\t\t\t\t\t\t\t\t<\/div>\n\t\t<\/div>\n\t\t\t\t\t\t\t<\/div>\n\t\t<\/section>\n\t\t\t\t<section class=\"elementor-section elementor-top-section elementor-element elementor-element-4f2fd7ab elementor-section-boxed elementor-section-height-default elementor-section-height-default\" data-id=\"4f2fd7ab\" data-element_type=\"section\">\n\t\t\t\t\t\t<div class=\"elementor-container elementor-column-gap-default\">\n\t\t\t\t\t<div class=\"elementor-column elementor-col-100 elementor-top-column elementor-element elementor-element-724b6287\" data-id=\"724b6287\" data-element_type=\"column\">\n\t\t\t<div class=\"elementor-widget-wrap elementor-element-populated\">\n\t\t\t\t\t\t\t\t<div class=\"elementor-element elementor-element-79da9a2d testo elementor-widget elementor-widget-text-editor\" data-id=\"79da9a2d\" data-element_type=\"widget\" data-widget_type=\"text-editor.default\">\n\t\t\t\t<div class=\"elementor-widget-container\">\n\t\t\t\t\t\t\t<h2 data-fontsize=\"22\" data-lineheight=\"33\">Studio Legale e Notarile Nicolini\r\nInformativa sul trattamento dei Dati personali\r\nRegolamento UE 679\/2016 GDPR e Legge 21 dicembre 2018 n. 171<\/h2>\r\nAi sensi dell\u2019art. 13 del Regolamento UE 2016\/679 ed all\u2019art. 13 della Legge 21 dicembre 2018 n.171 (in seguito entrambi definiti \u201cGDPR\u201d), lo Studio Legale e Notarile Nicolini in San Marino Citt\u00e0 (RSM) Via Maestri Comacini n. 10, telefono 0549-992606, fax 0549-992926, e-mail: studionicolini@omniway.sm, nella qualit\u00e0 di Titolare del trattamento dei dati (in seguito \u201cTitolare\u201d o \u201cStudio\u201d), La informa che i Dati personali da Lei forniti, acquisiti con riferimento ai rapporti instaurati, saranno trattati nel rispetto dei diritti e delle libert\u00e0 fondamentali delle persone fisiche, con particolare riguardo al diritto alla protezione dei Dati personali. <u>Lo Studio Legale e Notarile Nicolini non si \u00e8 avvalso della facolt\u00e0 di nominare un Responsabile della protezione dei dati.<\/u>\r\n\r\n<strong>Origine dei Dati personali<\/strong>\r\n\r\nI Dati personali oggetto di trattamento sono da Lei forniti in fase di accesso presso i nostri uffici, in occasione degli incontri con i professionisti dello Studio, inviati per posta elettronica, attraverso il sito internet www.studionicolini.sm, nonch\u00e9 attraverso nostri addetti nel rispetto delle disposizioni di legge.\r\n\r\n<strong>Finalit\u00e0 e base giuridica del trattamento<\/strong>\r\n\r\nI Dati personali da Lei forniti, il cui conferimento \u00e8 necessario per l\u2019instaurarsi del rapporto contrattuale che costituisce base giuridica del trattamento, verranno trattati per le seguenti finalit\u00e0:\r\n<ol>\r\n \t<li>a) per la redazione degli atti o contratti o memorie o altri documenti richiesti e\/o necessari per lo svolgimento dell\u2019incarico;<\/li>\r\n \t<li>b) per la gestione fiscale, amministrativa e contabile;<\/li>\r\n \t<li>c) per gli adempimenti di comunicazione obbligatoria a terzi in ambito forense e notarile;<\/li>\r\n \t<li>d) per il pagamento di eventuali tributi ed imposte collegati agli atti richiesti;<\/li>\r\n \t<li>e) per l\u2019adempimento degli obblighi di legge connessi al rapporto contrattuale, compresa l\u2019attivit\u00e0 antiriciclaggio;<\/li>\r\n \t<li>f) per la tutela dei diritti contrattuali;<\/li>\r\n<\/ol>\r\nI dati da Lei forniti potranno inoltre essere trattati per le seguenti finalit\u00e0, qualora Lei abbia concesso il consenso che costituisce base giuridica del trattamento:\r\n<ol>\r\n \t<li>g) analisi delle circostanze che hanno determinato l\u2019atto richiesto e gli esiti che ne sono scaturiti, il tutto al termine del rapporto contrattuale e per finalit\u00e0 di studio ed analisi non necessariamente collegate agli originali interessati;<\/li>\r\n \t<li>h) attivit\u00e0 di conservazione finalizzata al migliore reperimento delle informazioni sulle circostanze che hanno caratterizzato il rapporto originale nell\u2019eventualit\u00e0 in cui l\u2019interessato debba o desideri promuovere atti od azioni collegate ai dati originariamente forniti.<\/li>\r\n<\/ol>\r\nIl conferimento dei Dati e il relativo trattamento \u00e8 da ritenersi facoltativo e sempre revocabile per le finalit\u00e0 descritte alle lettere g), e h), mentre il rifiuto di fornirli per le finalit\u00e0 di cui alle lettere a), b), c), d), e), f) render\u00e0 impossibile l\u2019esecuzione del contratto, con esonero del professionista dello Studio da ogni relativa responsabilit\u00e0.\r\n\r\n<strong>Modalit\u00e0 del trattamento e tempi di conservazione<\/strong>\r\n\r\nI Dati personali da Lei forniti verranno trattati in forma cartacea, informatizzata e telematica ed inseriti nelle pertinenti banche dati cui potranno accedere, e quindi venirne a conoscenza, gli incaricati dell\u2019area di relativa competenza, i quali li tratteranno sulla base delle istruzioni ricevute dal Titolare.\r\n\r\nI Dati personali da Lei forniti verranno conservati per il tempo non superiore a quello necessario al conseguimento delle finalit\u00e0 per le quali essi sono trattati. Una volta terminato il rapporto contrattuale, potranno essere trattati esclusivamente per finalit\u00e0 amministrative e\/o per dare esecuzione agli obblighi derivanti dal quadro regolamentare e normativo <em>pro<\/em> <em>tempore<\/em> applicabile o per le finalit\u00e0 di cui ai punti g) ed h) del paragrafo precedente in caso di rilascio del consenso.\r\n\r\nI Dati personali da Lei forniti non saranno soggetti a diffusione, n\u00e9 ad alcun processo decisionale interamente automatizzato, ivi compresa la profilazione, a meno che ci\u00f2 non risulti necessario per adempiere correttamente gli obblighi incombenti sul professionista dello Studio a norma di legge (ivi inclusa la normativa in materia di antiriciclaggio).\r\n\r\n<strong>Categorie di soggetti ai quali i dati possono essere comunicati<\/strong>\r\n\r\nI dati che il Titolare raccoglie e tratta per l\u2019esecuzione dei contratti con Lei stipulati e dei connessi impegni, l\u2019adempimento degli obblighi di legge connessi al rapporto contrattuale nonch\u00e9 per la tutela dei diritti contrattuali, potranno essere comunicati ai seguenti soggetti terzi o alle categorie di soggetti sotto indicati:\r\n<ul>\r\n \t<li>fornitori del servizio di assistenza informatica e tecnologica;<\/li>\r\n \t<li>istituti bancari per la gestione di incassi e pagamenti,<\/li>\r\n \t<li>liberi professionisti diversi dal Titolare e soggetti incaricati della revisione contabile per gli adempimenti amministrativo-contabili;<\/li>\r\n \t<li>eventuali altri soggetti\/enti pubblici la cui comunicazione \u00e8 necessaria in adempimento di obblighi normativi.<\/li>\r\n<\/ul>\r\nI soggetti appartenenti alle categorie sopra riportate trattano i Dati personali in qualit\u00e0 di Responsabili appositamente nominati dal Titolare. Il Titolare si riserva di trasferire i Dati personali da Lei forniti verso un Paese terzo sulla base delle adeguate garanzie previste dalla vigente normativa.\r\n\r\n<strong>Diritti dell\u2019interessato<\/strong>\r\n\r\nIl GDPR Le conferisce l\u2019esercizio di specifici diritti, tra cui quelli di chiedere al Titolare del trattamento la conferma che sia o meno in corso un trattamento di Dati personali da Lei forniti e, in tal caso, di ottenerne l\u2019accesso (diritto di accesso); la rettifica dei Dati personali inesatti, o l\u2019integrazione dei Dati personali incompleti (diritto di rettifica); la cancellazione dei Dati stessi, se sussiste uno dei motivi previsti dal GDPR (diritto all\u2019oblio); la limitazione del trattamento quando ricorre una delle ipotesi previste dal GDPR (diritto di limitazione); di ricevere in un formato strutturato, di uso comune e leggibile da dispositivo automatico i Dati personali da Lei forniti al Titolare e di trasmettere tali Dati a un altro Titolare del trattamento (diritto alla portabilit\u00e0). Lei ha, inoltre, il diritto di revocare il consenso al trattamento dei suoi dati, in qualsiasi momento, senza pregiudicare la liceit\u00e0 del trattamento basata sul consenso prestato prima della revoca e di opporsi in qualsiasi momento al trattamento (diritto di opposizione) salva l\u2019esistenza di cogenti motivi legittimi che prevalgano sui diritti, interessi e libert\u00e0 degli interessati, rivolgendo le richieste al Titolare, <strong><u>telefonicamente al n. 0549-992606, via Fax al numero 0549-992926 o mediante l\u2019invio di un\u2019e-mail al seguente indirizzo<\/u><\/strong>: <a href=\"mailto:studionicolini@omniway.sm\"><strong>studionicolini@omniway.sm<\/strong><\/a>. Fatto salvo ogni altro ricorso amministrativo o giurisdizionale, Lei ha il diritto di proporre reclamo a un\u2019Autorit\u00e0 di controllo, qualora ritenga che il trattamento che La riguarda violi il Regolamento o la Legge 21 dicembre 2018 n.171 in materia di protezione dei Dati personali (GDPR).\t\t\t\t\t\t<\/div>\n\t\t\t\t<\/div>\n\t\t\t\t\t<\/div>\n\t\t<\/div>\n\t\t\t\t\t\t\t<\/div>\n\t\t<\/section>\n\t\t\t\t\t\t\t<\/div>\n\t\t","protected":false},"excerpt":{"rendered":"<p>Studio Legale e Notarile Nicolini Informativa sul trattamento dei Dati personali Regolamento UE 679\/2016 GDPR e Legge 21 dicembre 2018 n. 171 Ai sensi dell\u2019art. 13 del Regolamento UE 2016\/679 ed all\u2019art. 13 della Legge 21 dicembre 2018 n.171 (in seguito entrambi definiti \u201cGDPR\u201d), lo Studio Legale e Notarile Nicolini in San Marino Citt\u00e0 (RSM) [&hellip;]<\/p>\n","protected":false},"author":2,"featured_media":0,"parent":0,"menu_order":0,"comment_status":"closed","ping_status":"closed","template":"","meta":[],"yoast_head":"<!-- This site is optimized with the Yoast SEO plugin v19.7.1 - https:\/\/yoast.com\/wordpress\/plugins\/seo\/ -->\n<title>Privacy Policy - Studio Nicolini<\/title>\n<meta name=\"robots\" content=\"index, follow, max-snippet:-1, max-image-preview:large, max-video-preview:-1\" \/>\n<link rel=\"canonical\" href=\"https:\/\/www.studionicolini.sm\/privacy-policy\/\" \/>\n<meta property=\"og:locale\" content=\"en_US\" \/>\n<meta property=\"og:type\" content=\"article\" \/>\n<meta property=\"og:title\" content=\"Privacy Policy - Studio Nicolini\" \/>\n<meta property=\"og:description\" content=\"Studio Legale e Notarile Nicolini Informativa sul trattamento dei Dati personali Regolamento UE 679\/2016 GDPR e Legge 21 dicembre 2018 n. 171 Ai sensi dell\u2019art. 13 del Regolamento UE 2016\/679 ed all\u2019art. 13 della Legge 21 dicembre 2018 n.171 (in seguito entrambi definiti \u201cGDPR\u201d), lo Studio Legale e Notarile Nicolini in San Marino Citt\u00e0 (RSM) [&hellip;]\" \/>\n<meta property=\"og:url\" content=\"https:\/\/www.studionicolini.sm\/privacy-policy\/\" \/>\n<meta property=\"og:site_name\" content=\"Studio Nicolini\" \/>\n<meta property=\"article:modified_time\" content=\"2022-03-17T09:24:25+00:00\" \/>\n<meta name=\"twitter:card\" content=\"summary_large_image\" \/>\n<meta name=\"twitter:label1\" content=\"Est. reading time\" \/>\n\t<meta name=\"twitter:data1\" content=\"5 minutes\" \/>\n<script type=\"application\/ld+json\" class=\"yoast-schema-graph\">{\"@context\":\"https:\/\/schema.org\",\"@graph\":[{\"@type\":\"WebPage\",\"@id\":\"https:\/\/www.studionicolini.sm\/privacy-policy\/\",\"url\":\"https:\/\/www.studionicolini.sm\/privacy-policy\/\",\"name\":\"Privacy Policy - Studio Nicolini\",\"isPartOf\":{\"@id\":\"https:\/\/www.studionicolini.sm\/#website\"},\"datePublished\":\"2022-03-17T09:24:24+00:00\",\"dateModified\":\"2022-03-17T09:24:25+00:00\",\"breadcrumb\":{\"@id\":\"https:\/\/www.studionicolini.sm\/privacy-policy\/#breadcrumb\"},\"inLanguage\":\"en-US\",\"potentialAction\":[{\"@type\":\"ReadAction\",\"target\":[\"https:\/\/www.studionicolini.sm\/privacy-policy\/\"]}]},{\"@type\":\"BreadcrumbList\",\"@id\":\"https:\/\/www.studionicolini.sm\/privacy-policy\/#breadcrumb\",\"itemListElement\":[{\"@type\":\"ListItem\",\"position\":1,\"name\":\"Home\",\"item\":\"https:\/\/www.studionicolini.sm\/en\/\"},{\"@type\":\"ListItem\",\"position\":2,\"name\":\"Privacy Policy\"}]},{\"@type\":\"WebSite\",\"@id\":\"https:\/\/www.studionicolini.sm\/#website\",\"url\":\"https:\/\/www.studionicolini.sm\/\",\"name\":\"Studio Nicolini\",\"description\":\"Avvocato San Marino - Studio Legale e Notarile\",\"publisher\":{\"@id\":\"https:\/\/www.studionicolini.sm\/#organization\"},\"potentialAction\":[{\"@type\":\"SearchAction\",\"target\":{\"@type\":\"EntryPoint\",\"urlTemplate\":\"https:\/\/www.studionicolini.sm\/?s={search_term_string}\"},\"query-input\":\"required name=search_term_string\"}],\"inLanguage\":\"en-US\"},{\"@type\":\"Organization\",\"@id\":\"https:\/\/www.studionicolini.sm\/#organization\",\"name\":\"Studio Nicolini\",\"url\":\"https:\/\/www.studionicolini.sm\/\",\"sameAs\":[],\"logo\":{\"@type\":\"ImageObject\",\"inLanguage\":\"en-US\",\"@id\":\"https:\/\/www.studionicolini.sm\/#\/schema\/logo\/image\/\",\"url\":\"https:\/\/www.studionicolini.sm\/wp-content\/uploads\/2022\/01\/Studio-Nicolini-Logo.svg\",\"contentUrl\":\"https:\/\/www.studionicolini.sm\/wp-content\/uploads\/2022\/01\/Studio-Nicolini-Logo.svg\",\"width\":379,\"height\":120,\"caption\":\"Studio Nicolini\"},\"image\":{\"@id\":\"https:\/\/www.studionicolini.sm\/#\/schema\/logo\/image\/\"}}]}<\/script>\n<!-- \/ Yoast SEO plugin. -->","yoast_head_json":{"title":"Privacy Policy - Studio Nicolini","robots":{"index":"index","follow":"follow","max-snippet":"max-snippet:-1","max-image-preview":"max-image-preview:large","max-video-preview":"max-video-preview:-1"},"canonical":"https:\/\/www.studionicolini.sm\/privacy-policy\/","og_locale":"en_US","og_type":"article","og_title":"Privacy Policy - Studio Nicolini","og_description":"Studio Legale e Notarile Nicolini Informativa sul trattamento dei Dati personali Regolamento UE 679\/2016 GDPR e Legge 21 dicembre 2018 n. 171 Ai sensi dell\u2019art. 13 del Regolamento UE 2016\/679 ed all\u2019art. 13 della Legge 21 dicembre 2018 n.171 (in seguito entrambi definiti \u201cGDPR\u201d), lo Studio Legale e Notarile Nicolini in San Marino Citt\u00e0 (RSM) [&hellip;]","og_url":"https:\/\/www.studionicolini.sm\/privacy-policy\/","og_site_name":"Studio Nicolini","article_modified_time":"2022-03-17T09:24:25+00:00","twitter_card":"summary_large_image","twitter_misc":{"Est. reading time":"5 minutes"},"schema":{"@context":"https:\/\/schema.org","@graph":[{"@type":"WebPage","@id":"https:\/\/www.studionicolini.sm\/privacy-policy\/","url":"https:\/\/www.studionicolini.sm\/privacy-policy\/","name":"Privacy Policy - Studio Nicolini","isPartOf":{"@id":"https:\/\/www.studionicolini.sm\/#website"},"datePublished":"2022-03-17T09:24:24+00:00","dateModified":"2022-03-17T09:24:25+00:00","breadcrumb":{"@id":"https:\/\/www.studionicolini.sm\/privacy-policy\/#breadcrumb"},"inLanguage":"en-US","potentialAction":[{"@type":"ReadAction","target":["https:\/\/www.studionicolini.sm\/privacy-policy\/"]}]},{"@type":"BreadcrumbList","@id":"https:\/\/www.studionicolini.sm\/privacy-policy\/#breadcrumb","itemListElement":[{"@type":"ListItem","position":1,"name":"Home","item":"https:\/\/www.studionicolini.sm\/en\/"},{"@type":"ListItem","position":2,"name":"Privacy Policy"}]},{"@type":"WebSite","@id":"https:\/\/www.studionicolini.sm\/#website","url":"https:\/\/www.studionicolini.sm\/","name":"Studio Nicolini","description":"Avvocato San Marino - Studio Legale e Notarile","publisher":{"@id":"https:\/\/www.studionicolini.sm\/#organization"},"potentialAction":[{"@type":"SearchAction","target":{"@type":"EntryPoint","urlTemplate":"https:\/\/www.studionicolini.sm\/?s={search_term_string}"},"query-input":"required name=search_term_string"}],"inLanguage":"en-US"},{"@type":"Organization","@id":"https:\/\/www.studionicolini.sm\/#organization","name":"Studio Nicolini","url":"https:\/\/www.studionicolini.sm\/","sameAs":[],"logo":{"@type":"ImageObject","inLanguage":"en-US","@id":"https:\/\/www.studionicolini.sm\/#\/schema\/logo\/image\/","url":"https:\/\/www.studionicolini.sm\/wp-content\/uploads\/2022\/01\/Studio-Nicolini-Logo.svg","contentUrl":"https:\/\/www.studionicolini.sm\/wp-content\/uploads\/2022\/01\/Studio-Nicolini-Logo.svg","width":379,"height":120,"caption":"Studio Nicolini"},"image":{"@id":"https:\/\/www.studionicolini.sm\/#\/schema\/logo\/image\/"}}]}},"_links":{"self":[{"href":"https:\/\/www.studionicolini.sm\/en\/wp-json\/wp\/v2\/pages\/2717"}],"collection":[{"href":"https:\/\/www.studionicolini.sm\/en\/wp-json\/wp\/v2\/pages"}],"about":[{"href":"https:\/\/www.studionicolini.sm\/en\/wp-json\/wp\/v2\/types\/page"}],"author":[{"embeddable":true,"href":"https:\/\/www.studionicolini.sm\/en\/wp-json\/wp\/v2\/users\/2"}],"replies":[{"embeddable":true,"href":"https:\/\/www.studionicolini.sm\/en\/wp-json\/wp\/v2\/comments?post=2717"}],"version-history":[{"count":1,"href":"https:\/\/www.studionicolini.sm\/en\/wp-json\/wp\/v2\/pages\/2717\/revisions"}],"predecessor-version":[{"id":2718,"href":"https:\/\/www.studionicolini.sm\/en\/wp-json\/wp\/v2\/pages\/2717\/revisions\/2718"}],"wp:attachment":[{"href":"https:\/\/www.studionicolini.sm\/en\/wp-json\/wp\/v2\/media?parent=2717"}],"curies":[{"name":"wp","href":"https:\/\/api.w.org\/{rel}","templated":true}]}}